{"id":3158,"date":"2024-09-13T08:53:19","date_gmt":"2024-09-13T06:53:19","guid":{"rendered":"https:\/\/hittenis.cz\/coaches\/"},"modified":"2024-09-13T08:53:20","modified_gmt":"2024-09-13T06:53:20","slug":"coaches","status":"publish","type":"page","link":"https:\/\/hittenis.cz\/en\/coaches\/","title":{"rendered":"Coaches"},"content":{"rendered":"<p><div class=\"fusion-fullwidth fullwidth-box fusion-builder-row-1 nonhundred-percent-fullwidth non-hundred-percent-height-scrolling\" style=\"--awb-border-radius-top-left:0px;--awb-border-radius-top-right:0px;--awb-border-radius-bottom-right:0px;--awb-border-radius-bottom-left:0px;--awb-margin-bottom:50px;--awb-flex-wrap:wrap;\" ><div class=\"fusion-builder-row fusion-row\"><div class=\"fusion-layout-column fusion_builder_column fusion-builder-column-0 fusion_builder_column_1_1 1_1 fusion-one-full fusion-column-first fusion-column-last\" style=\"--awb-bg-size:cover;\"><div class=\"fusion-column-wrapper fusion-flex-column-wrapper-legacy\"><div class=\"fusion-text fusion-text-1\"><h1>Coaches<\/h1>\n<\/div><div class=\"fusion-sep-clear\"><\/div><div class=\"fusion-separator fusion-full-width-sep\" style=\"margin-left: auto;margin-right: auto;width:100%;max-width:100%;\"><div class=\"fusion-separator-border sep-single sep-solid\" style=\"--awb-height:20px;--awb-amount:20px;--awb-sep-color:#8bc34a;border-color:#8bc34a;border-top-width:1px;\"><\/div><\/div><div class=\"fusion-sep-clear\"><\/div><div class=\"fusion-clearfix\"><\/div><\/div><\/div><\/div><\/div><div class=\"fusion-fullwidth fullwidth-box fusion-builder-row-2 nonhundred-percent-fullwidth non-hundred-percent-height-scrolling\" style=\"--awb-border-radius-top-left:0px;--awb-border-radius-top-right:0px;--awb-border-radius-bottom-right:0px;--awb-border-radius-bottom-left:0px;--awb-flex-wrap:wrap;\" ><div class=\"fusion-builder-row fusion-row\"><div class=\"fusion-layout-column fusion_builder_column fusion-builder-column-1 fusion_builder_column_1_2 1_2 fusion-one-half fusion-column-first treneri-con\" style=\"--awb-padding-top:2.5rem;--awb-padding-right:2.5rem;--awb-padding-bottom:2.5rem;--awb-padding-left:2.5rem;--awb-bg-color:#f9f9f9;--awb-bg-color-hover:#f9f9f9;--awb-bg-size:cover;width:50%;width:calc(50% - ( ( 4% ) * 0.5 ) );margin-right: 4%;\" data-scroll-devices=\"small-visibility,medium-visibility,large-visibility\"><div class=\"fusion-column-wrapper fusion-column-has-shadow fusion-flex-column-wrapper-legacy\"><div class=\"fusion-text fusion-text-2\"><h2><span style=\"color: #000000;\">Jan BENE\u0160<\/span><\/h2>\n<p>Tennis Academy Head Coach. He played in the Slavoj Vy\u0161ehrad, TJ Armabeton clubs; he began coaching at the TJ Armabeton tennis academy in 1989, he has been the head tennis coach in SK O\u00e1za club since 1996. Coaching experience primarily in working with the youth. Coaching qualification: Czech Tennis Association 2nd class coach, member of PTR.<\/p>\n<\/div><div class=\"fusion-image-carousel fusion-image-carousel-auto fusion-image-carousel-1\"><div class=\"awb-carousel awb-swiper awb-swiper-carousel\" data-autoplay=\"no\" data-columns=\"3\" data-itemmargin=\"13\" data-itemwidth=\"180\" data-touchscroll=\"no\" data-imagesize=\"auto\" style=\"--awb-columns:3;\"><div class=\"swiper-wrapper awb-image-carousel-wrapper fusion-flex-align-items-center\"><div class=\"swiper-slide\"><div class=\"fusion-carousel-item-wrapper\"><div class=\"fusion-image-wrapper hover-type-none\"><img decoding=\"async\" width=\"250\" height=\"212\" src=\"https:\/\/hittenis.cz\/wp-content\/uploads\/2017\/06\/benes.png\" class=\"attachment-full size-full\" alt=\"\" srcset=\"https:\/\/hittenis.cz\/wp-content\/uploads\/2017\/06\/benes-200x170.png 200w, https:\/\/hittenis.cz\/wp-content\/uploads\/2017\/06\/benes.png 250w\" sizes=\"(max-width: 250px) 100vw, 250px\" \/><\/div><\/div><\/div><\/div><div class=\"awb-swiper-button awb-swiper-button-prev\"><i class=\"awb-icon-angle-left\" aria-hidden=\"true\"><\/i><\/div><div class=\"awb-swiper-button awb-swiper-button-next\"><i class=\"awb-icon-angle-right\" aria-hidden=\"true\"><\/i><\/div><\/div><\/div><div class=\"fusion-clearfix\"><\/div><\/div><\/div><div class=\"fusion-layout-column fusion_builder_column fusion-builder-column-2 fusion_builder_column_1_2 1_2 fusion-one-half fusion-column-last treneri-con\" style=\"--awb-padding-top:2.5rem;--awb-padding-right:2.5rem;--awb-padding-bottom:2.5rem;--awb-padding-left:2.5rem;--awb-bg-color:#f9f9f9;--awb-bg-color-hover:#f9f9f9;--awb-bg-size:cover;width:50%;width:calc(50% - ( ( 4% ) * 0.5 ) );\" data-scroll-devices=\"small-visibility,medium-visibility,large-visibility\"><div class=\"fusion-column-wrapper fusion-column-has-shadow fusion-flex-column-wrapper-legacy\"><div class=\"fusion-text fusion-text-3\"><h2><span style=\"color: #000000;\">Ing. Ji\u0159\u00ed KREJZA<\/span><\/h2>\n<p>A native of M\u011bln\u00edk, where he grew up both as a tennis player and as a coach. He has been coaching since 1989 \u2013 M\u011bln\u00edk, I. \u010cLTK Praha, SK O\u00e1za Praha. Qualification: Czech Tennis Association 2nd class coach.<\/p>\n<\/div><div class=\"fusion-image-carousel fusion-image-carousel-auto fusion-image-carousel-2\"><div class=\"awb-carousel awb-swiper awb-swiper-carousel\" data-autoplay=\"no\" data-columns=\"3\" data-itemmargin=\"13\" data-itemwidth=\"180\" data-touchscroll=\"no\" data-imagesize=\"auto\" style=\"--awb-columns:3;\"><div class=\"swiper-wrapper awb-image-carousel-wrapper fusion-flex-align-items-center\"><div class=\"swiper-slide\"><div class=\"fusion-carousel-item-wrapper\"><div class=\"fusion-image-wrapper hover-type-none\"><img decoding=\"async\" width=\"250\" height=\"212\" src=\"https:\/\/hittenis.cz\/wp-content\/uploads\/2017\/06\/krejza-1.jpg\" class=\"attachment-full size-full\" alt=\"\" srcset=\"https:\/\/hittenis.cz\/wp-content\/uploads\/2017\/06\/krejza-1-200x170.jpg 200w, https:\/\/hittenis.cz\/wp-content\/uploads\/2017\/06\/krejza-1.jpg 250w\" sizes=\"(max-width: 250px) 100vw, 250px\" \/><\/div><\/div><\/div><\/div><div class=\"awb-swiper-button awb-swiper-button-prev\"><i class=\"awb-icon-angle-left\" aria-hidden=\"true\"><\/i><\/div><div class=\"awb-swiper-button awb-swiper-button-next\"><i class=\"awb-icon-angle-right\" aria-hidden=\"true\"><\/i><\/div><\/div><\/div><div class=\"fusion-clearfix\"><\/div><\/div><\/div><div class=\"fusion-layout-column fusion_builder_column fusion-builder-column-3 fusion_builder_column_1_2 1_2 fusion-one-half fusion-column-first treneri-con\" style=\"--awb-padding-top:2.5rem;--awb-padding-right:2.5rem;--awb-padding-bottom:2.5rem;--awb-padding-left:2.5rem;--awb-bg-color:#f9f9f9;--awb-bg-color-hover:#f9f9f9;--awb-bg-size:cover;width:50%;width:calc(50% - ( ( 4% ) * 0.5 ) );margin-right: 4%;\" data-scroll-devices=\"small-visibility,medium-visibility,large-visibility\"><div class=\"fusion-column-wrapper fusion-column-has-shadow fusion-flex-column-wrapper-legacy\"><div class=\"fusion-text fusion-text-4\"><h2><span style=\"color: #000000;\">Mgr. Petr Van\u00ed\u010dek<\/span><\/h2>\n<p>Born in Turnov. Czech Tennis Association 2nd class coach. Coaching experience since 2008. Long-time first league player of SK OAZA Praha and the German Oberliga team TV Jahn Wolfsburg. Player achievements: Champion of the East Bohemian Region in all youth categories. Advanced among the top 16 players at the 2010 Czech Indoor Championship for Adults. Semi-finalist of the 2014 Masters Optim Tour.<\/p>\n<\/div><div class=\"fusion-image-carousel fusion-image-carousel-auto fusion-image-carousel-3\"><div class=\"awb-carousel awb-swiper awb-swiper-carousel\" data-autoplay=\"no\" data-columns=\"3\" data-itemmargin=\"13\" data-itemwidth=\"180\" data-touchscroll=\"no\" data-imagesize=\"auto\" style=\"--awb-columns:3;\"><div class=\"swiper-wrapper awb-image-carousel-wrapper fusion-flex-align-items-center\"><div class=\"swiper-slide\"><div class=\"fusion-carousel-item-wrapper\"><div class=\"fusion-image-wrapper hover-type-none\"><img decoding=\"async\" width=\"250\" height=\"212\" src=\"https:\/\/hittenis.cz\/wp-content\/uploads\/2017\/06\/vanicek.png\" class=\"attachment-full size-full\" alt=\"\" srcset=\"https:\/\/hittenis.cz\/wp-content\/uploads\/2017\/06\/vanicek-200x170.png 200w, https:\/\/hittenis.cz\/wp-content\/uploads\/2017\/06\/vanicek.png 250w\" sizes=\"(max-width: 250px) 100vw, 250px\" \/><\/div><\/div><\/div><\/div><div class=\"awb-swiper-button awb-swiper-button-prev\"><i class=\"awb-icon-angle-left\" aria-hidden=\"true\"><\/i><\/div><div class=\"awb-swiper-button awb-swiper-button-next\"><i class=\"awb-icon-angle-right\" aria-hidden=\"true\"><\/i><\/div><\/div><\/div><div class=\"fusion-clearfix\"><\/div><\/div><\/div><div class=\"fusion-layout-column fusion_builder_column fusion-builder-column-4 fusion_builder_column_1_2 1_2 fusion-one-half fusion-column-last treneri-con\" style=\"--awb-padding-top:2.5rem;--awb-padding-right:2.5rem;--awb-padding-bottom:2.5rem;--awb-padding-left:2.5rem;--awb-bg-color:#f9f9f9;--awb-bg-color-hover:#f9f9f9;--awb-bg-size:cover;width:50%;width:calc(50% - ( ( 4% ) * 0.5 ) );\" data-scroll-devices=\"small-visibility,medium-visibility,large-visibility\"><div class=\"fusion-column-wrapper fusion-column-has-shadow fusion-flex-column-wrapper-legacy\"><div class=\"fusion-text fusion-text-5\"><h2><span style=\"color: #000000;\">Veronika Prokopov\u00e1<\/span><\/h2>\n<p>Coaching qualification: 2nd class<br \/>\nCoaching experience since 2007<br \/>\nLTC Chemopetrol Litv\u00ednov player, representing the club in all categories<br \/>\nexperience from the First and Second League<br \/>\nmultiple regional champion<br \/>\nwinner of &#8220;A&#8221; tournaments (singles, doubles)<br \/>\nparticipated in the summer Indoor Czech Championship and Pardubice Junior Championship \u2013 (silver in singles and doubles in Plze\u0148, bronze in doubles in Fr\u00fddlant nad Ostravic\u00ed)<br \/>\nsuccessful participation in international ETA tournaments<br \/>\nI became a member of the under-14 women&#8217;s&nbsp;national team in 2000 (we won silver in Italy at the European team championship)<br \/>\nexperience from the highest-level German league \u2013 TC Bad Weisser Hirsch Dresden, Chemnitzer TC K\u00fcchwald<\/p>\n<\/div><div class=\"fusion-image-carousel fusion-image-carousel-auto fusion-image-carousel-4\"><div class=\"awb-carousel awb-swiper awb-swiper-carousel\" data-autoplay=\"no\" data-columns=\"3\" data-itemmargin=\"13\" data-itemwidth=\"180\" data-touchscroll=\"no\" data-imagesize=\"auto\" style=\"--awb-columns:3;\"><div class=\"swiper-wrapper awb-image-carousel-wrapper fusion-flex-align-items-center\"><div class=\"swiper-slide\"><div class=\"fusion-carousel-item-wrapper\"><div class=\"fusion-image-wrapper hover-type-none\"><img decoding=\"async\" width=\"250\" height=\"212\" src=\"https:\/\/hittenis.cz\/wp-content\/uploads\/2017\/06\/papezova.png\" class=\"attachment-full size-full\" alt=\"\" srcset=\"https:\/\/hittenis.cz\/wp-content\/uploads\/2017\/06\/papezova-200x170.png 200w, https:\/\/hittenis.cz\/wp-content\/uploads\/2017\/06\/papezova.png 250w\" sizes=\"(max-width: 250px) 100vw, 250px\" \/><\/div><\/div><\/div><\/div><div class=\"awb-swiper-button awb-swiper-button-prev\"><i class=\"awb-icon-angle-left\" aria-hidden=\"true\"><\/i><\/div><div class=\"awb-swiper-button awb-swiper-button-next\"><i class=\"awb-icon-angle-right\" aria-hidden=\"true\"><\/i><\/div><\/div><\/div><div class=\"fusion-clearfix\"><\/div><\/div><\/div><div class=\"fusion-layout-column fusion_builder_column fusion-builder-column-5 fusion_builder_column_1_2 1_2 fusion-one-half fusion-column-first treneri-con\" style=\"--awb-padding-top:2.5rem;--awb-padding-right:2.5rem;--awb-padding-bottom:2.5rem;--awb-padding-left:2.5rem;--awb-bg-color:#f9f9f9;--awb-bg-color-hover:#f9f9f9;--awb-bg-size:cover;width:50%;width:calc(50% - ( ( 4% ) * 0.5 ) );margin-right: 4%;\" data-scroll-devices=\"small-visibility,medium-visibility,large-visibility\"><div class=\"fusion-column-wrapper fusion-column-has-shadow fusion-flex-column-wrapper-legacy\"><div class=\"fusion-text fusion-text-6\"><h2><span style=\"color: #000000;\">V\u011bra Brucknerov\u00e1<br \/>\n<\/span><\/h2>\n<div>former middle and long distance running representative (personal records: 800m &#8211; 2:08; 1500m &#8211; 4:23; 10,000m &#8211; 34:10; 1\/2 marathon &#8211; 1:18)<\/div>\n<p>&nbsp;<\/p>\n<ul>\n<li>athletics coach<\/li>\n<li>many years of experience with young people and children at the Botanka Grammar School in Brno<\/li>\n<li>experience in REIKI<\/li>\n<li>currently fitness coach of young tennis, football and hockey players, squash (5th place at the European Championship, individuals)<\/li>\n<li>cooperation with Radek \u0160t\u011bp\u00e1nek (fitness)<\/li>\n<li>Zdenek Pohlreich&#8217;s&nbsp;personal trainer<\/li>\n<li>former cooperation with the &#8220;Fast Girls&#8221; athletic group and with the under-20 men&#8217;s&nbsp;basketball team<\/li>\n<li>current owner of the Miha bodytec studio in Prague 4 and holder of the REDCORD certificate<\/li>\n<li>cooperation on the &#8220;H\u00fdbej se chyt\u0159e&#8221; project with Petr Havl\u00ed\u010dek (on the market in June 2017)<\/li>\n<\/ul>\n<\/div><div class=\"fusion-clearfix\"><\/div><\/div><\/div><\/div><\/div><\/p>\n","protected":false},"excerpt":{"rendered":"","protected":false},"author":2,"featured_media":0,"parent":0,"menu_order":0,"comment_status":"closed","ping_status":"closed","template":"","meta":{"ngg_post_thumbnail":0,"footnotes":""},"class_list":["post-3158","page","type-page","status-publish","hentry"],"yoast_head":"<!-- This site is optimized with the Yoast SEO plugin v23.4 - https:\/\/yoast.com\/wordpress\/plugins\/seo\/ -->\n<title>Coaches - Hittenis<\/title>\n<meta name=\"robots\" content=\"index, follow, max-snippet:-1, max-image-preview:large, max-video-preview:-1\" \/>\n<link rel=\"canonical\" href=\"https:\/\/hittenis.cz\/treneri\/\" \/>\n<meta property=\"og:locale\" content=\"en_US\" \/>\n<meta property=\"og:type\" content=\"article\" \/>\n<meta property=\"og:title\" content=\"Coaches - Hittenis\" \/>\n<meta property=\"og:url\" content=\"https:\/\/hittenis.cz\/treneri\/\" \/>\n<meta property=\"og:site_name\" content=\"Hittenis\" \/>\n<meta property=\"article:modified_time\" content=\"2024-09-13T06:53:20+00:00\" \/>\n<meta name=\"twitter:card\" content=\"summary_large_image\" \/>\n<meta name=\"twitter:label1\" content=\"Est. reading time\" \/>\n\t<meta name=\"twitter:data1\" content=\"18 minutes\" \/>\n<script type=\"application\/ld+json\" class=\"yoast-schema-graph\">{\"@context\":\"https:\/\/schema.org\",\"@graph\":[{\"@type\":\"WebPage\",\"@id\":\"https:\/\/hittenis.cz\/treneri\/\",\"url\":\"https:\/\/hittenis.cz\/treneri\/\",\"name\":\"Coaches - Hittenis\",\"isPartOf\":{\"@id\":\"https:\/\/hittenis.cz\/#website\"},\"datePublished\":\"2024-09-13T06:53:19+00:00\",\"dateModified\":\"2024-09-13T06:53:20+00:00\",\"breadcrumb\":{\"@id\":\"https:\/\/hittenis.cz\/treneri\/#breadcrumb\"},\"inLanguage\":\"en-US\",\"potentialAction\":[{\"@type\":\"ReadAction\",\"target\":[\"https:\/\/hittenis.cz\/treneri\/\"]}]},{\"@type\":\"BreadcrumbList\",\"@id\":\"https:\/\/hittenis.cz\/treneri\/#breadcrumb\",\"itemListElement\":[{\"@type\":\"ListItem\",\"position\":1,\"name\":\"Dom\u016f\",\"item\":\"https:\/\/hittenis.cz\/en\/\"},{\"@type\":\"ListItem\",\"position\":2,\"name\":\"Coaches\"}]},{\"@type\":\"WebSite\",\"@id\":\"https:\/\/hittenis.cz\/#website\",\"url\":\"https:\/\/hittenis.cz\/\",\"name\":\"Hittenis\",\"description\":\"Tenisov\u00e1 \u0161kola a kurty\",\"potentialAction\":[{\"@type\":\"SearchAction\",\"target\":{\"@type\":\"EntryPoint\",\"urlTemplate\":\"https:\/\/hittenis.cz\/?s={search_term_string}\"},\"query-input\":{\"@type\":\"PropertyValueSpecification\",\"valueRequired\":true,\"valueName\":\"search_term_string\"}}],\"inLanguage\":\"en-US\"}]}<\/script>\n<!-- \/ Yoast SEO plugin. -->","yoast_head_json":{"title":"Coaches - Hittenis","robots":{"index":"index","follow":"follow","max-snippet":"max-snippet:-1","max-image-preview":"max-image-preview:large","max-video-preview":"max-video-preview:-1"},"canonical":"https:\/\/hittenis.cz\/treneri\/","og_locale":"en_US","og_type":"article","og_title":"Coaches - Hittenis","og_url":"https:\/\/hittenis.cz\/treneri\/","og_site_name":"Hittenis","article_modified_time":"2024-09-13T06:53:20+00:00","twitter_card":"summary_large_image","twitter_misc":{"Est. reading time":"18 minutes"},"schema":{"@context":"https:\/\/schema.org","@graph":[{"@type":"WebPage","@id":"https:\/\/hittenis.cz\/treneri\/","url":"https:\/\/hittenis.cz\/treneri\/","name":"Coaches - Hittenis","isPartOf":{"@id":"https:\/\/hittenis.cz\/#website"},"datePublished":"2024-09-13T06:53:19+00:00","dateModified":"2024-09-13T06:53:20+00:00","breadcrumb":{"@id":"https:\/\/hittenis.cz\/treneri\/#breadcrumb"},"inLanguage":"en-US","potentialAction":[{"@type":"ReadAction","target":["https:\/\/hittenis.cz\/treneri\/"]}]},{"@type":"BreadcrumbList","@id":"https:\/\/hittenis.cz\/treneri\/#breadcrumb","itemListElement":[{"@type":"ListItem","position":1,"name":"Dom\u016f","item":"https:\/\/hittenis.cz\/en\/"},{"@type":"ListItem","position":2,"name":"Coaches"}]},{"@type":"WebSite","@id":"https:\/\/hittenis.cz\/#website","url":"https:\/\/hittenis.cz\/","name":"Hittenis","description":"Tenisov\u00e1 \u0161kola a kurty","potentialAction":[{"@type":"SearchAction","target":{"@type":"EntryPoint","urlTemplate":"https:\/\/hittenis.cz\/?s={search_term_string}"},"query-input":{"@type":"PropertyValueSpecification","valueRequired":true,"valueName":"search_term_string"}}],"inLanguage":"en-US"}]}},"_links":{"self":[{"href":"https:\/\/hittenis.cz\/en\/wp-json\/wp\/v2\/pages\/3158"}],"collection":[{"href":"https:\/\/hittenis.cz\/en\/wp-json\/wp\/v2\/pages"}],"about":[{"href":"https:\/\/hittenis.cz\/en\/wp-json\/wp\/v2\/types\/page"}],"author":[{"embeddable":true,"href":"https:\/\/hittenis.cz\/en\/wp-json\/wp\/v2\/users\/2"}],"replies":[{"embeddable":true,"href":"https:\/\/hittenis.cz\/en\/wp-json\/wp\/v2\/comments?post=3158"}],"version-history":[{"count":3,"href":"https:\/\/hittenis.cz\/en\/wp-json\/wp\/v2\/pages\/3158\/revisions"}],"predecessor-version":[{"id":3211,"href":"https:\/\/hittenis.cz\/en\/wp-json\/wp\/v2\/pages\/3158\/revisions\/3211"}],"wp:attachment":[{"href":"https:\/\/hittenis.cz\/en\/wp-json\/wp\/v2\/media?parent=3158"}],"curies":[{"name":"wp","href":"https:\/\/api.w.org\/{rel}","templated":true}]}}